{"id":4259,"date":"2021-01-31T23:36:22","date_gmt":"2021-01-31T22:36:22","guid":{"rendered":"https:\/\/www.prepas-fabert.com\/cpge\/?page_id=4259"},"modified":"2025-12-23T00:49:38","modified_gmt":"2025-12-22T23:49:38","slug":"encadrement","status":"publish","type":"page","link":"https:\/\/www.prepas-fabert.com\/cpge\/encadrement\/","title":{"rendered":"Encadrement"},"content":{"rendered":"<div class=\"wpb-content-wrapper\">[vc_row row_type=\u00a0\u00bbfull_width\u00a0\u00bb type=\u00a0\u00bbfull_screen\u00a0\u00bb bg_select=\u00a0\u00bbbg_color_section\u00a0\u00bb fancy_row=\u00a0\u00bbbottom_band\u00a0\u00bb bg_color=\u00a0\u00bb#80E0DA\u00a0\u00bb p_top=\u00a0\u00bb30&Prime; p_bottom=\u00a0\u00bb0&Prime; p_left=\u00a0\u00bb10&Prime; p_right=\u00a0\u00bb5&Prime; band_height=\u00a0\u00bb20&Prime; band_color=\u00a0\u00bb#e0e0e0&Prime;][vc_column width=\u00a0\u00bb1\/2&Prime; bg_image_postions=\u00a0\u00bbright center\u00a0\u00bb p_left=\u00a0\u00bb50&Prime; p_right=\u00a0\u00bb40&Prime; m_top=\u00a0\u00bb0&Prime; m_left=\u00a0\u00bb0&Prime; m_right=\u00a0\u00bb0&Prime; el_class=\u00a0\u00bbcolonneVertical\u00a0\u00bb offset=\u00a0\u00bbvc_hidden-xs\u00a0\u00bb][vc_empty_space height=\u00a0\u00bb30px\u00a0\u00bb][vc_single_image image=\u00a0\u00bb4367&Prime; img_size=\u00a0\u00bbfull\u00a0\u00bb alignment=\u00a0\u00bbcenter\u00a0\u00bb css_animation=\u00a0\u00bbfadeIn\u00a0\u00bb css=\u00a0\u00bb.vc_custom_1612589190348{padding-right: 10% !important;padding-left: 10% !important;}\u00a0\u00bb el_class=\u00a0\u00bbmontagne\u00a0\u00bb][\/vc_column][vc_column width=\u00a0\u00bb1\/2&Prime; content_align=\u00a0\u00bbtext-left\u00a0\u00bb p_left=\u00a0\u00bb30px\u00a0\u00bb p_right=\u00a0\u00bb10px\u00a0\u00bb][vc_empty_space height=\u00a0\u00bb120px\u00a0\u00bb]<div class=\"wbc-heading clearfix\"><h2 class=\"special-heading-2 sm-responsive-text-15 md-responsive-text-20\" style=\"font-size:20px;line-height:20px;letter-spacing:0px;color:#ffffff;text-align:left;max-width:850px;\">SUIVI PERSONNALIS\u00c9<\/h2><\/div><div class=\"wbc-heading clearfix\"><h2 class=\"special-heading-1 xs-responsive-text-40 sm-responsive-text-45 md-responsive-text-45\" style=\"font-size:52px;line-height:60px;letter-spacing:0px;color:#ffffff;text-align:left;max-width:850px;\">ENCADREMENT<\/h2><\/div><div class=\"wbc-heading clearfix\"><h2 class=\"default-heading md-responsive-text-20\" style=\"font-size:18px;line-height:1.53486em;color:#ffffff;margin-bottom:55px;max-width:850px;\">en CPGE et au lyc\u00e9e Fabert<\/h2><\/div><a style=\"font-size:15px;width:180px;margin-right:auto;margin-left:auto;padding-bottom:15px;padding-top:15px;\" class=\"wbc-button button btn-primary scrollable no-hover\" href=\"#about\" target=\"_self\"  >EN SAVOIR PLUS<\/a>[vc_empty_space height=\u00a0\u00bb40px\u00a0\u00bb][\/vc_column][\/vc_row][vc_row row_type=\u00a0\u00bbfull_width\u00a0\u00bb type=\u00a0\u00bbcontainer\u00a0\u00bb bg_color=\u00a0\u00bb#ffffff\u00a0\u00bb p_bottom=\u00a0\u00bb30&Prime;][vc_column p_bottom=\u00a0\u00bb20&Prime;][vc_empty_space height=\u00a0\u00bb120px\u00a0\u00bb][vc_column_text]\n<p style=\"text-align: justify; font-size: 120%;\">Contrairement \u00e0 beaucoup de formations dans l\u2019enseignement sup\u00e9rieur, universitaires notamment, les classes pr\u00e9paratoires prolongent la structure traditionnelle de l\u2019enseignement secondaire en partitionnant les effectifs en groupes de tailles r\u00e9duites\u00a0: ainsi, <span style=\"color: var(--couleur-site);\"><b>les classes en CPGE n\u2019exc\u00e8dent pas 48 \u00e9l\u00e8ves<\/b><\/span> \u2014 et souvent moins \u2014, qui sont r\u00e9guli\u00e8rement <span style=\"color: var(--couleur-site);\"><b>divis\u00e9es <\/b><b>en groupes<\/b><\/span> pour les TD (math\u00e9matiques, physique, informatique), les TP (physique\/chimie), ou les cours de langue.<\/p>\n<div class=\"su-spacer\" style=\"height:30px\"><\/div>\n<p style=\"text-align: justify;\">Mais \u00e0 la diff\u00e9rence du lyc\u00e9e, plusieurs disciplines, comme les math\u00e9matiques, ou les sciences physiques voire la chimie dans les fili\u00e8res scientifiques, sont enseign\u00e9es par <span style=\"color: var(--couleur-site);\"><b>un professeur affect\u00e9 \u00e0 une seule classe<\/b><\/span>. Ce dernier peut donc accorder un temps in\u00e9galable au suivi de chaque \u00e9l\u00e8ve.<\/p>\n<div class=\"su-spacer\" style=\"height:30px\"><\/div>Ce suivi est assur\u00e9 de fa\u00e7on tr\u00e8s r\u00e9guli\u00e8re tout au long de l\u2019ann\u00e9e, notamment<\/p>\n<ul>\n<li>par des <span style=\"color: var(--couleur-site);\"><b>devoirs surveill\u00e9s<\/b><\/span> hebdomadaires\u00a0;<\/li>\n<li>par des <span style=\"color: var(--couleur-site);\"><b>devoirs maisons<\/b><\/span> r\u00e9guliers\u00a0;<\/li>\n<li>par des <span style=\"color: var(--couleur-site);\"><b>interrogations<\/b><\/span>\u00a0;<\/li>\n<li>par les incontournables \u00ab\u00a0<span style=\"color: var(--couleur-site);\"><b>kh\u00f4lles<\/b><\/span> \u00bb, <span style=\"padding-right: 30px;\">caract\u00e9ristiques de l\u2019enseignement en CPGE.<\/span><a href=\"https:\/\/www.prepas-fabert.com\/cpge\" class=\"su-button su-button-style-default\" style=\"color:#FFFFFF;background-color:var(--couleur-site);border-color:var(--couleur-site);border-radius:5px\" target=\"_self\"><span style=\"color:#FFFFFF;padding:7px 20px;font-size:16px;line-height:24px;border-color:var(--couleur-site);border-radius:5px;text-shadow:0px 0px 0px #000000\"><i class=\"sui sui-link\" style=\"font-size:16px;color:#FFFFFF\"><\/i> Voir la page d\u00e9di\u00e9e aux kh\u00f4lles<\/span><\/a><\/li>\n<\/ul>\n<h3 style=\"text-align: justify;\"><span style=\"font-family: Arial, sans-serif; color: var(--couleur-site);\"><div class=\"su-spacer\" style=\"height:5px\"><\/div>\n<img loading=\"lazy\" decoding=\"async\" class=\"alignnone size-full wp-image-4179\" src=\"https:\/\/www.prepas-fabert.com\/cpge\/wp-content\/uploads\/2021\/01\/banc-marronnier-small.jpg\" alt=\"\" width=\"1700\" height=\"450\" srcset=\"https:\/\/www.prepas-fabert.com\/cpge\/wp-content\/uploads\/2021\/01\/banc-marronnier-small.jpg 1700w, https:\/\/www.prepas-fabert.com\/cpge\/wp-content\/uploads\/2021\/01\/banc-marronnier-small-300x79.jpg 300w, https:\/\/www.prepas-fabert.com\/cpge\/wp-content\/uploads\/2021\/01\/banc-marronnier-small-1024x271.jpg 1024w, https:\/\/www.prepas-fabert.com\/cpge\/wp-content\/uploads\/2021\/01\/banc-marronnier-small-768x203.jpg 768w, https:\/\/www.prepas-fabert.com\/cpge\/wp-content\/uploads\/2021\/01\/banc-marronnier-small-1536x407.jpg 1536w, https:\/\/www.prepas-fabert.com\/cpge\/wp-content\/uploads\/2021\/01\/banc-marronnier-small-1140x302.jpg 1140w, https:\/\/www.prepas-fabert.com\/cpge\/wp-content\/uploads\/2021\/01\/banc-marronnier-small-848x224.jpg 848w\" sizes=\"auto, (max-width: 1700px) 100vw, 1700px\" \/><div class=\"su-spacer\" style=\"height:30px\"><\/div>Mais l\u2019accompagnement propos\u00e9 au lyc\u00e9e Fabert est loin de se limiter aux relev\u00e9s de ces temps de passage. Par exemple,<\/span><\/h3>\n[\/vc_column_text][\/vc_column][vc_column width=\u00a0\u00bb1\/2&Prime;][vc_column_text]\n<ul>\n<li>\n<p style=\"text-align: justify;\">des <span style=\"color: var(--couleur-site);\"><b>entretiens individuels<\/b><\/span> sont organis\u00e9s, notamment en premi\u00e8re ann\u00e9e, pour s\u2019assurer que chacun s\u2019est bien int\u00e9gr\u00e9 et a trouv\u00e9 son rythme de travail\u00a0;<\/p>\n<\/li>\n<li>\n<p style=\"text-align: justify;\">les professeurs sont d\u2019une <span style=\"color: var(--couleur-site);\"><b>grande disponibilit\u00e9<\/b><\/span>, m\u00eame en dehors des heures de cours. Ils apportent leur aide aux \u00e9tudiants gr\u00e2ce aux <b>outils num\u00e9riques<\/b> ou par l\u2019interm\u00e9diaire d\u2019<span style=\"color: var(--couleur-site);\"><b>heures de soutien<\/b><\/span>, afin de ne laisser personne sur le bord de la route\u00a0;<\/p>\n<\/li>\n<li>\n<p style=\"text-align: justify;\">il est r\u00e9guli\u00e8rement propos\u00e9 aux \u00e9tudiants de <span style=\"font-family: Arial, sans-serif; color: var(--couleur-site);\"><b>choisir la difficult\u00e9 du sujet<\/b><\/span> sur lequel ils souhaitent \u00eatre \u00e9valu\u00e9s. En premi\u00e8re ann\u00e9e, cela leur permet imm\u00e9diatement de composer sur les sujets les plus adapt\u00e9s \u00e0 leurs qualit\u00e9s. En seconde ann\u00e9e, c\u2019est un raffinement suppl\u00e9mentaire \u00e0 la s\u00e9paration en classe \u00e9toil\u00e9e \/ non \u00e9toil\u00e9e, qui assure \u00e0 chacun une pr\u00e9paration presque individualis\u00e9e au(x) concours qu\u2019il ambitionne ;<\/p>\n<\/li>\n<\/ul>\n[\/vc_column_text][\/vc_column][vc_column width=\u00a0\u00bb1\/2&Prime;][vc_column_text]\n<ul>\n<li>\n<p style=\"text-align: justify;\">des <span style=\"font-family: Arial, sans-serif; color: var(--couleur-site);\"><b>concours blancs<\/b><\/span> sont organis\u00e9s, et ce d\u00e8s la premi\u00e8re ann\u00e9e, pour amener les \u00e9l\u00e8ves \u00e0 composer au plus pr\u00e8s des conditions qu\u2019ils conna\u00eetront le jour J lors des \u00e9preuves \u00e9crites\u00a0;<\/p>\n<\/li>\n<li>\n<p style=\"text-align: justify;\">en fin de deuxi\u00e8me ann\u00e9e, entre les \u00e9preuves \u00e9crites et orales des concours, les \u00e9tudiants ont la possibilit\u00e9 de <span style=\"color: var(--couleur-site);\"><b>s\u2019inscrire \u00e0 volont\u00e9<\/b><\/span> pour passer des <span style=\"color: var(--couleur-site);\"><b>oraux blancs<\/b><\/span> dans le but de pr\u00e9parer au mieux leur sprint final vers l\u2019int\u00e9gration.<\/p>\n<\/li>\n<\/ul>\n[\/vc_column_text][\/vc_column][vc_column p_bottom=\u00a0\u00bb50&Prime;][vc_column_text]\n<p style=\"text-align: center;\"><span style=\"padding: 0 30px; line-height: 3em;\"><a href=\"https:\/\/www.prepas-fabert.com\/cpge\/#about\" class=\"su-button su-button-style-default\" style=\"color:#FFFFFF;background-color:var(--couleur-site);border-color:var(--couleur-site);border-radius:5px\" target=\"_self\"><span style=\"color:#FFFFFF;padding:7px 20px;font-size:16px;line-height:24px;border-color:var(--couleur-site);border-radius:5px;text-shadow:0px 0px 0px #000000\"><i class=\"sui sui-link\" style=\"font-size:16px;color:#FFFFFF\"><\/i> Retour \u00e0 la page d&rsquo;accueil<\/span><\/a><\/span><span style=\"padding: 0 30px; line-height: 3em;\"><a href=\"https:\/\/www.prepas-fabert.com\/cpge\/#services\" class=\"su-button su-button-style-default\" style=\"color:#FFFFFF;background-color:var(--couleur-site);border-color:var(--couleur-site);border-radius:5px\" target=\"_self\"><span style=\"color:#FFFFFF;padding:7px 20px;font-size:16px;line-height:24px;border-color:var(--couleur-site);border-radius:5px;text-shadow:0px 0px 0px #000000\"><i class=\"sui sui-link\" style=\"font-size:16px;color:#FFFFFF\"><\/i> Autres atouts des CPGE<\/span><\/a><\/span><\/p>\n[\/vc_column_text][\/vc_column][\/vc_row]\n<\/div>","protected":false},"excerpt":{"rendered":"<p>[vc_row row_type=\u00a0\u00bbfull_width\u00a0\u00bb type=\u00a0\u00bbfull_screen\u00a0\u00bb bg_select=\u00a0\u00bbbg_color_section\u00a0\u00bb fancy_row=\u00a0\u00bbbottom_band\u00a0\u00bb bg_color=\u00a0\u00bb#80E0DA\u00a0\u00bb p_top=\u00a0\u00bb30&Prime; p_bottom=\u00a0\u00bb0&Prime; p_left=\u00a0\u00bb10&Prime; p_right=\u00a0\u00bb5&Prime; band_height=\u00a0\u00bb20&Prime; band_color=\u00a0\u00bb#e0e0e0&Prime;][vc_column width=\u00a0\u00bb1\/2&Prime; bg_image_postions=\u00a0\u00bbright center\u00a0\u00bb p_left=\u00a0\u00bb50&Prime; p_right=\u00a0\u00bb40&Prime; m_top=\u00a0\u00bb0&Prime; m_left=\u00a0\u00bb0&Prime; m_right=\u00a0\u00bb0&Prime; el_class=\u00a0\u00bbcolonneVertical\u00a0\u00bb offset=\u00a0\u00bbvc_hidden-xs\u00a0\u00bb][vc_empty_space height=\u00a0\u00bb30px\u00a0\u00bb][vc_single_image image=\u00a0\u00bb4367&Prime; img_size=\u00a0\u00bbfull\u00a0\u00bb alignment=\u00a0\u00bbcenter\u00a0\u00bb css_animation=\u00a0\u00bbfadeIn\u00a0\u00bb css=\u00a0\u00bb.vc_custom_1612589190348{padding-right: 10% !important;padding-left: 10% !important;}\u00a0\u00bb el_class=\u00a0\u00bbmontagne\u00a0\u00bb][\/vc_column][vc_column width=\u00a0\u00bb1\/2&Prime; content_align=\u00a0\u00bbtext-left\u00a0\u00bb p_left=\u00a0\u00bb30px\u00a0\u00bb p_right=\u00a0\u00bb10px\u00a0\u00bb][vc_empty_space height=\u00a0\u00bb120px\u00a0\u00bb][vc_empty_space height=\u00a0\u00bb40px\u00a0\u00bb][\/vc_column][\/vc_row][vc_row row_type=\u00a0\u00bbfull_width\u00a0\u00bb type=\u00a0\u00bbcontainer\u00a0\u00bb bg_color=\u00a0\u00bb#ffffff\u00a0\u00bb p_bottom=\u00a0\u00bb30&Prime;][vc_column p_bottom=\u00a0\u00bb20&Prime;][vc_empty_space height=\u00a0\u00bb120px\u00a0\u00bb][vc_column_text] Contrairement \u00e0 beaucoup de formations dans l\u2019enseignement sup\u00e9rieur, universitaires notamment, [&hellip;]<\/p>\n","protected":false},"author":1,"featured_media":0,"parent":0,"menu_order":0,"comment_status":"closed","ping_status":"closed","template":"template-page-full.php","meta":{"footnotes":""},"class_list":["post-4259","page","type-page","status-publish","hentry"],"yoast_head":"<!-- This site is optimized with the Yoast SEO plugin v27.5 - https:\/\/yoast.com\/product\/yoast-seo-wordpress\/ -->\n<title>Encadrement - Classes Pr\u00e9paratoires aux Grandes Ecoles - Lyc\u00e9e Fabert (Metz)<\/title>\n<meta name=\"description\" content=\"Encadrement - Classes Pr\u00e9paratoires aux Grandes Ecoles - Lyc\u00e9e Fabert (Metz)\" \/>\n<meta name=\"robots\" content=\"index, follow, max-snippet:-1, max-image-preview:large, max-video-preview:-1\" \/>\n<link rel=\"canonical\" href=\"https:\/\/www.prepas-fabert.com\/cpge\/encadrement\/\" \/>\n<meta property=\"og:locale\" content=\"fr_FR\" \/>\n<meta property=\"og:type\" content=\"article\" \/>\n<meta property=\"og:title\" content=\"Encadrement - Classes Pr\u00e9paratoires aux Grandes Ecoles - Lyc\u00e9e Fabert (Metz)\" \/>\n<meta property=\"og:description\" content=\"Encadrement - Classes Pr\u00e9paratoires aux Grandes Ecoles - Lyc\u00e9e Fabert (Metz)\" \/>\n<meta property=\"og:url\" content=\"https:\/\/www.prepas-fabert.com\/cpge\/encadrement\/\" \/>\n<meta property=\"og:site_name\" content=\"Classes Pr\u00e9paratoires aux Grandes Ecoles - Lyc\u00e9e Fabert (Metz)\" \/>\n<meta property=\"article:publisher\" content=\"https:\/\/www.facebook.com\/cpgefabert\/\" \/>\n<meta property=\"article:modified_time\" content=\"2025-12-22T23:49:38+00:00\" \/>\n<meta property=\"og:image\" content=\"https:\/\/www.prepas-fabert.com\/cpge\/wp-content\/uploads\/2021\/01\/banc-marronnier-small.jpg\" \/>\n<meta name=\"twitter:card\" content=\"summary_large_image\" \/>\n<meta name=\"twitter:site\" content=\"@CPGEFabert\" \/>\n<meta name=\"twitter:label1\" content=\"Dur\u00e9e de lecture estim\u00e9e\" \/>\n\t<meta name=\"twitter:data1\" content=\"4 minutes\" \/>\n<script type=\"application\/ld+json\" class=\"yoast-schema-graph\">{\"@context\":\"https:\\\/\\\/schema.org\",\"@graph\":[{\"@type\":\"WebPage\",\"@id\":\"https:\\\/\\\/www.prepas-fabert.com\\\/cpge\\\/encadrement\\\/\",\"url\":\"https:\\\/\\\/www.prepas-fabert.com\\\/cpge\\\/encadrement\\\/\",\"name\":\"Encadrement - Classes Pr\u00e9paratoires aux Grandes Ecoles - Lyc\u00e9e Fabert (Metz)\",\"isPartOf\":{\"@id\":\"https:\\\/\\\/www.prepas-fabert.com\\\/cpge\\\/#website\"},\"primaryImageOfPage\":{\"@id\":\"https:\\\/\\\/www.prepas-fabert.com\\\/cpge\\\/encadrement\\\/#primaryimage\"},\"image\":{\"@id\":\"https:\\\/\\\/www.prepas-fabert.com\\\/cpge\\\/encadrement\\\/#primaryimage\"},\"thumbnailUrl\":\"https:\\\/\\\/www.prepas-fabert.com\\\/cpge\\\/wp-content\\\/uploads\\\/2021\\\/01\\\/banc-marronnier-small.jpg\",\"datePublished\":\"2021-01-31T22:36:22+00:00\",\"dateModified\":\"2025-12-22T23:49:38+00:00\",\"description\":\"Encadrement - Classes Pr\u00e9paratoires aux Grandes Ecoles - Lyc\u00e9e Fabert (Metz)\",\"breadcrumb\":{\"@id\":\"https:\\\/\\\/www.prepas-fabert.com\\\/cpge\\\/encadrement\\\/#breadcrumb\"},\"inLanguage\":\"fr-FR\",\"potentialAction\":[{\"@type\":\"ReadAction\",\"target\":[\"https:\\\/\\\/www.prepas-fabert.com\\\/cpge\\\/encadrement\\\/\"]}]},{\"@type\":\"ImageObject\",\"inLanguage\":\"fr-FR\",\"@id\":\"https:\\\/\\\/www.prepas-fabert.com\\\/cpge\\\/encadrement\\\/#primaryimage\",\"url\":\"https:\\\/\\\/www.prepas-fabert.com\\\/cpge\\\/wp-content\\\/uploads\\\/2021\\\/01\\\/banc-marronnier-small.jpg\",\"contentUrl\":\"https:\\\/\\\/www.prepas-fabert.com\\\/cpge\\\/wp-content\\\/uploads\\\/2021\\\/01\\\/banc-marronnier-small.jpg\",\"width\":1700,\"height\":450},{\"@type\":\"BreadcrumbList\",\"@id\":\"https:\\\/\\\/www.prepas-fabert.com\\\/cpge\\\/encadrement\\\/#breadcrumb\",\"itemListElement\":[{\"@type\":\"ListItem\",\"position\":1,\"name\":\"Accueil\",\"item\":\"https:\\\/\\\/www.prepas-fabert.com\\\/cpge\\\/\"},{\"@type\":\"ListItem\",\"position\":2,\"name\":\"Encadrement\"}]},{\"@type\":\"WebSite\",\"@id\":\"https:\\\/\\\/www.prepas-fabert.com\\\/cpge\\\/#website\",\"url\":\"https:\\\/\\\/www.prepas-fabert.com\\\/cpge\\\/\",\"name\":\"Classes Pr\u00e9paratoires aux Grandes Ecoles - Lyc\u00e9e Fabert (Metz)\",\"description\":\"Classes pr\u00e9pas scientifiques et \u00e9conomiques en Lorraine\",\"publisher\":{\"@id\":\"https:\\\/\\\/www.prepas-fabert.com\\\/cpge\\\/#organization\"},\"potentialAction\":[{\"@type\":\"SearchAction\",\"target\":{\"@type\":\"EntryPoint\",\"urlTemplate\":\"https:\\\/\\\/www.prepas-fabert.com\\\/cpge\\\/?s={search_term_string}\"},\"query-input\":{\"@type\":\"PropertyValueSpecification\",\"valueRequired\":true,\"valueName\":\"search_term_string\"}}],\"inLanguage\":\"fr-FR\"},{\"@type\":\"Organization\",\"@id\":\"https:\\\/\\\/www.prepas-fabert.com\\\/cpge\\\/#organization\",\"name\":\"CPGE du lyc\u00e9e Fabert (METZ)\",\"url\":\"https:\\\/\\\/www.prepas-fabert.com\\\/cpge\\\/\",\"logo\":{\"@type\":\"ImageObject\",\"inLanguage\":\"fr-FR\",\"@id\":\"https:\\\/\\\/www.prepas-fabert.com\\\/cpge\\\/#\\\/schema\\\/logo\\\/image\\\/\",\"url\":\"https:\\\/\\\/www.prepas-fabert.com\\\/cpge\\\/wp-content\\\/uploads\\\/2023\\\/03\\\/CPGEFABERT-2.png\",\"contentUrl\":\"https:\\\/\\\/www.prepas-fabert.com\\\/cpge\\\/wp-content\\\/uploads\\\/2023\\\/03\\\/CPGEFABERT-2.png\",\"width\":750,\"height\":750,\"caption\":\"CPGE du lyc\u00e9e Fabert (METZ)\"},\"image\":{\"@id\":\"https:\\\/\\\/www.prepas-fabert.com\\\/cpge\\\/#\\\/schema\\\/logo\\\/image\\\/\"},\"sameAs\":[\"https:\\\/\\\/www.facebook.com\\\/cpgefabert\\\/\",\"https:\\\/\\\/x.com\\\/CPGEFabert\",\"https:\\\/\\\/www.linkedin.com\\\/company\\\/lyc\u00e9e-fabert-metz-57\\\/mycompany\\\/\",\"https:\\\/\\\/www.youtube.com\\\/user\\\/CPGEfabert\\\/\",\"https:\\\/\\\/www.instagram.com\\\/cpgefabert\\\/\"]}]}<\/script>\n<!-- \/ Yoast SEO plugin. -->","yoast_head_json":{"title":"Encadrement - Classes Pr\u00e9paratoires aux Grandes Ecoles - Lyc\u00e9e Fabert (Metz)","description":"Encadrement - Classes Pr\u00e9paratoires aux Grandes Ecoles - Lyc\u00e9e Fabert (Metz)","robots":{"index":"index","follow":"follow","max-snippet":"max-snippet:-1","max-image-preview":"max-image-preview:large","max-video-preview":"max-video-preview:-1"},"canonical":"https:\/\/www.prepas-fabert.com\/cpge\/encadrement\/","og_locale":"fr_FR","og_type":"article","og_title":"Encadrement - Classes Pr\u00e9paratoires aux Grandes Ecoles - Lyc\u00e9e Fabert (Metz)","og_description":"Encadrement - Classes Pr\u00e9paratoires aux Grandes Ecoles - Lyc\u00e9e Fabert (Metz)","og_url":"https:\/\/www.prepas-fabert.com\/cpge\/encadrement\/","og_site_name":"Classes Pr\u00e9paratoires aux Grandes Ecoles - Lyc\u00e9e Fabert (Metz)","article_publisher":"https:\/\/www.facebook.com\/cpgefabert\/","article_modified_time":"2025-12-22T23:49:38+00:00","og_image":[{"url":"https:\/\/www.prepas-fabert.com\/cpge\/wp-content\/uploads\/2021\/01\/banc-marronnier-small.jpg","type":"","width":"","height":""}],"twitter_card":"summary_large_image","twitter_site":"@CPGEFabert","twitter_misc":{"Dur\u00e9e de lecture estim\u00e9e":"4 minutes"},"schema":{"@context":"https:\/\/schema.org","@graph":[{"@type":"WebPage","@id":"https:\/\/www.prepas-fabert.com\/cpge\/encadrement\/","url":"https:\/\/www.prepas-fabert.com\/cpge\/encadrement\/","name":"Encadrement - Classes Pr\u00e9paratoires aux Grandes Ecoles - Lyc\u00e9e Fabert (Metz)","isPartOf":{"@id":"https:\/\/www.prepas-fabert.com\/cpge\/#website"},"primaryImageOfPage":{"@id":"https:\/\/www.prepas-fabert.com\/cpge\/encadrement\/#primaryimage"},"image":{"@id":"https:\/\/www.prepas-fabert.com\/cpge\/encadrement\/#primaryimage"},"thumbnailUrl":"https:\/\/www.prepas-fabert.com\/cpge\/wp-content\/uploads\/2021\/01\/banc-marronnier-small.jpg","datePublished":"2021-01-31T22:36:22+00:00","dateModified":"2025-12-22T23:49:38+00:00","description":"Encadrement - Classes Pr\u00e9paratoires aux Grandes Ecoles - Lyc\u00e9e Fabert (Metz)","breadcrumb":{"@id":"https:\/\/www.prepas-fabert.com\/cpge\/encadrement\/#breadcrumb"},"inLanguage":"fr-FR","potentialAction":[{"@type":"ReadAction","target":["https:\/\/www.prepas-fabert.com\/cpge\/encadrement\/"]}]},{"@type":"ImageObject","inLanguage":"fr-FR","@id":"https:\/\/www.prepas-fabert.com\/cpge\/encadrement\/#primaryimage","url":"https:\/\/www.prepas-fabert.com\/cpge\/wp-content\/uploads\/2021\/01\/banc-marronnier-small.jpg","contentUrl":"https:\/\/www.prepas-fabert.com\/cpge\/wp-content\/uploads\/2021\/01\/banc-marronnier-small.jpg","width":1700,"height":450},{"@type":"BreadcrumbList","@id":"https:\/\/www.prepas-fabert.com\/cpge\/encadrement\/#breadcrumb","itemListElement":[{"@type":"ListItem","position":1,"name":"Accueil","item":"https:\/\/www.prepas-fabert.com\/cpge\/"},{"@type":"ListItem","position":2,"name":"Encadrement"}]},{"@type":"WebSite","@id":"https:\/\/www.prepas-fabert.com\/cpge\/#website","url":"https:\/\/www.prepas-fabert.com\/cpge\/","name":"Classes Pr\u00e9paratoires aux Grandes Ecoles - Lyc\u00e9e Fabert (Metz)","description":"Classes pr\u00e9pas scientifiques et \u00e9conomiques en Lorraine","publisher":{"@id":"https:\/\/www.prepas-fabert.com\/cpge\/#organization"},"potentialAction":[{"@type":"SearchAction","target":{"@type":"EntryPoint","urlTemplate":"https:\/\/www.prepas-fabert.com\/cpge\/?s={search_term_string}"},"query-input":{"@type":"PropertyValueSpecification","valueRequired":true,"valueName":"search_term_string"}}],"inLanguage":"fr-FR"},{"@type":"Organization","@id":"https:\/\/www.prepas-fabert.com\/cpge\/#organization","name":"CPGE du lyc\u00e9e Fabert (METZ)","url":"https:\/\/www.prepas-fabert.com\/cpge\/","logo":{"@type":"ImageObject","inLanguage":"fr-FR","@id":"https:\/\/www.prepas-fabert.com\/cpge\/#\/schema\/logo\/image\/","url":"https:\/\/www.prepas-fabert.com\/cpge\/wp-content\/uploads\/2023\/03\/CPGEFABERT-2.png","contentUrl":"https:\/\/www.prepas-fabert.com\/cpge\/wp-content\/uploads\/2023\/03\/CPGEFABERT-2.png","width":750,"height":750,"caption":"CPGE du lyc\u00e9e Fabert (METZ)"},"image":{"@id":"https:\/\/www.prepas-fabert.com\/cpge\/#\/schema\/logo\/image\/"},"sameAs":["https:\/\/www.facebook.com\/cpgefabert\/","https:\/\/x.com\/CPGEFabert","https:\/\/www.linkedin.com\/company\/lyc\u00e9e-fabert-metz-57\/mycompany\/","https:\/\/www.youtube.com\/user\/CPGEfabert\/","https:\/\/www.instagram.com\/cpgefabert\/"]}]}},"_links":{"self":[{"href":"https:\/\/www.prepas-fabert.com\/cpge\/wp-json\/wp\/v2\/pages\/4259","targetHints":{"allow":["GET"]}}],"collection":[{"href":"https:\/\/www.prepas-fabert.com\/cpge\/wp-json\/wp\/v2\/pages"}],"about":[{"href":"https:\/\/www.prepas-fabert.com\/cpge\/wp-json\/wp\/v2\/types\/page"}],"author":[{"embeddable":true,"href":"https:\/\/www.prepas-fabert.com\/cpge\/wp-json\/wp\/v2\/users\/1"}],"replies":[{"embeddable":true,"href":"https:\/\/www.prepas-fabert.com\/cpge\/wp-json\/wp\/v2\/comments?post=4259"}],"version-history":[{"count":4,"href":"https:\/\/www.prepas-fabert.com\/cpge\/wp-json\/wp\/v2\/pages\/4259\/revisions"}],"predecessor-version":[{"id":8296,"href":"https:\/\/www.prepas-fabert.com\/cpge\/wp-json\/wp\/v2\/pages\/4259\/revisions\/8296"}],"wp:attachment":[{"href":"https:\/\/www.prepas-fabert.com\/cpge\/wp-json\/wp\/v2\/media?parent=4259"}],"curies":[{"name":"wp","href":"https:\/\/api.w.org\/{rel}","templated":true}]}}