{"id":5454,"date":"2021-04-11T22:27:43","date_gmt":"2021-04-11T20:27:43","guid":{"rendered":"https:\/\/www.prepas-fabert.com\/cpge\/?page_id=5454"},"modified":"2025-12-23T00:37:28","modified_gmt":"2025-12-22T23:37:28","slug":"cout-et-hebergement","status":"publish","type":"page","link":"https:\/\/www.prepas-fabert.com\/cpge\/cout-et-hebergement\/","title":{"rendered":"Co\u00fbt et h\u00e9bergement"},"content":{"rendered":"<div class=\"wpb-content-wrapper\">[vc_row row_type=\u00a0\u00bbfull_width\u00a0\u00bb type=\u00a0\u00bbfull_screen\u00a0\u00bb bg_select=\u00a0\u00bbbg_color_section\u00a0\u00bb bg_color=\u00a0\u00bb#dbdbdb\u00a0\u00bb p_top=\u00a0\u00bb20&Prime;][vc_column bg_image_postions=\u00a0\u00bbright center\u00a0\u00bb offset=\u00a0\u00bbvc_col-lg-offset-1 vc_col-lg-10 vc_col-md-offset-1 vc_col-md-10 vc_col-sm-offset-0&Prime; p_top=\u00a0\u00bb25&Prime;][vc_single_image image=\u00a0\u00bb5457&Prime; img_size=\u00a0\u00bbfull\u00a0\u00bb alignment=\u00a0\u00bbcenter\u00a0\u00bb css_animation=\u00a0\u00bbfadeInDown\u00a0\u00bb css=\u00a0\u00bb.vc_custom_1618169839855{padding-right: 3% !important;padding-left: 3% !important;}\u00a0\u00bb][\/vc_column][\/vc_row][vc_row row_type=\u00a0\u00bbfull_width\u00a0\u00bb type=\u00a0\u00bbfull_screen\u00a0\u00bb bg_select=\u00a0\u00bbbg_color_section\u00a0\u00bb fancy_row=\u00a0\u00bbdown_arrow\u00a0\u00bb bg_color=\u00a0\u00bb#dbdbdb\u00a0\u00bb p_bottom=\u00a0\u00bb40&Prime;][vc_column bg_image_postions=\u00a0\u00bbright center\u00a0\u00bb p_left=\u00a0\u00bb0&Prime; p_right=\u00a0\u00bb20&Prime; p_top=\u00a0\u00bb25&Prime;]<div class=\"wbc-heading clearfix\"><h2 class=\"special-heading-2 xs-responsive-text-20 sm-responsive-text-20 md-responsive-text-25\" style=\"font-size:28px;line-height:28px;letter-spacing:0px;color:#ffffff;text-align:center;margin-right:auto;margin-left:auto;max-width:850px;\">CO\u00dbT ET H\u00c9BERGEMENT<\/h2><\/div><div class=\"wbc-heading clearfix\"><h2 class=\"special-heading-1 xs-responsive-text-40 sm-responsive-text-45 md-responsive-text-45\" style=\"font-size:52px;line-height:60px;letter-spacing:0px;color:#ffffff;text-align:center;margin-right:auto;margin-left:auto;max-width:850px;\">SCOLARIT\u00c9 ET VIE PRATIQUE<\/h2><\/div><div class=\"wbc-heading clearfix\"><div class=\"default-heading xs-responsive-text-20 sm-responsive-text-20 md-responsive-text-25\" style=\"font-size:26px;line-height:1.53486em;color:#ffffff;text-align:center;margin-bottom:25px;margin-right:auto;margin-left:auto;max-width:800px;\">Demi-pension, internat, Internat-extern\u00e9<\/div><\/div><div style=\"text-align:center\"><a style=\"font-size:15px;width:180px;padding-bottom:15px;padding-top:15px;\" class=\"wbc-button button btn-primary scrollable no-hover\" href=\"#about\" target=\"_self\"  >EN SAVOIR PLUS<\/a><\/div>[vc_empty_space height=\u00a0\u00bb20px\u00a0\u00bb][\/vc_column][\/vc_row][vc_row row_type=\u00a0\u00bbfull_width\u00a0\u00bb type=\u00a0\u00bbcontainer\u00a0\u00bb bg_select=\u00a0\u00bbbg_color_section\u00a0\u00bb border_color=\u00a0\u00bb#ffffff\u00a0\u00bb p_top=\u00a0\u00bb100&Prime; p_bottom=\u00a0\u00bb50&Prime; anchor=\u00a0\u00bbabout\u00a0\u00bb][vc_column][vc_video link=\u00a0\u00bbhttps:\/\/www.youtube.com\/embed\/qft78nxasqg\u00a0\u00bb][vc_empty_space][vc_column_text]\n<p style=\"text-align: justify;\">Les \u00e9tudiants de CPGE doivent s\u2019acquitter d\u2019une inscription \u00e0 l\u2019universit\u00e9 de Lorraine\u00a0: 92\u20ac CVEC (\u00ab\u00a0Contribution de Vie Etudiante et de Campus\u00a0\u00bb) et 170\u20ac d\u2019inscription.<\/p>\n<h3 style=\"text-align: center;\"><span style=\"color: var(--couleur-site);\"><b>En dehors de cette inscription administrative obligatoire, les \u00e9tudes sont gratuites.<\/b><\/span><\/h3>\n<div class=\"su-spacer\" style=\"height:10px\"><\/div>\n<p style=\"text-align: justify; font-size: 120%;\">Comme ils sont \u00e9tudiants, ils ont acc\u00e8s aux logements et \u00e0 la restauration du CROUS et \u00e0 tous les services de l\u2019universit\u00e9 : sport, service m\u00e9dical, biblioth\u00e8que universitaire, \u2026<\/p>\n<p style=\"text-align: center;\"><div class=\"su-spacer\" style=\"height:10px\"><\/div>Les \u00e9tudiants de CPGE peuvent b\u00e9n\u00e9ficier de bourses du sup\u00e9rieur, le dossier \u00e9tant \u00e0 constituer avant le mois de mai sur<\/p>\n<p style=\"text-align: center;\"><span style=\"color: #0563c1;\"><u><a href=\"https:\/\/www.messervices.etudiant.gouv.fr\/envole\/\" target=\"_blank\" rel=\"noopener noreferrer\"><span style=\"color: #000000;\">https:\/\/www.messervices.etudiant.gouv.fr\/envole\/<\/span><\/a><\/u><\/span><\/p>\n[\/vc_column_text][vc_cta h2=\u00a0\u00bbLe lyc\u00e9e Fabert propose plusieurs offres d\u2019h\u00e9bergement :\u00a0\u00bb style=\u00a0\u00bbflat\u00a0\u00bb color=\u00a0\u00bbvista-blue\u00a0\u00bb css_animation=\u00a0\u00bbfadeIn\u00a0\u00bb]\n<ul>\n<li><span style=\"color: #000000;\"><b>Demi-pensionnaire\u00a0<\/b><\/span><\/li>\n<li><span style=\"color: #000000;\"><b>Interne \u2013 extern\u00e9<\/b>\u00a0: l\u2019\u00e9tudiant dispose d\u2019un logement \u00e0 l\u2019ext\u00e9rieur mais prend ses 3 repas au lyc\u00e9e (matin, midi et soir). Il peut rester travailler au lyc\u00e9e jusqu\u2019\u00e0 21h (salles de travail \u00e0 disposition). L\u2019avantage de cette formule est de ne pas avoir \u00e0 g\u00e9rer la logistique et de profiter d\u2019un travail de groupe en soir\u00e9e.<\/span><\/li>\n<li><span style=\"color: #000000;\"><b>Interne<\/b>\u00a0: logement en chambre \u00e0 l\u2019internat et repas en semaine. Nos \u00e9tudiants b\u00e9n\u00e9ficient de locaux agr\u00e9ables et de conditions id\u00e9ales pour travailler en commun et ne pas perdre de temps.<\/span><\/li>\n<\/ul>\n<p><span style=\"color: #000000;\">A noter que l\u2019internat est ferm\u00e9 du samedi 12 h au dimanche 20 h.<\/span>[\/vc_cta][vc_column_text]\n<p style=\"text-align: center;\"><b>La demande d\u2019une fili\u00e8re CPGE avec internat constitue un v\u0153u sp\u00e9cifique \u00e0 formuler sur Parcoursup<\/b>.<\/p>\n<p style=\"text-align: center; font-size: 120%;\"><span style=\"color: var(--couleur-site);\">Il est d\u2019ailleurs vivement conseill\u00e9 de doubler cette demande (v\u0153u \u00ab\u00a0avec internat\u00a0\u00bb associ\u00e9 \u00e0 un v\u0153u \u00e9quivalent \u00ab\u00a0sans internat\u00a0\u00bb).<\/span><\/p>\n[\/vc_column_text][vc_cta h2=\u00a0\u00bb\u00a0\u00bb style=\u00a0\u00bbflat\u00a0\u00bb color=\u00a0\u00bbgrey\u00a0\u00bb css_animation=\u00a0\u00bbfadeIn\u00a0\u00bb css=\u00a0\u00bb\u00a0\u00bb]\n<p style=\"font-size: 122%; text-align: center;\">\n\n[\/vc_cta][vc_column_text css=\u00a0\u00bb\u00a0\u00bb]<div class='timed-content-client_show_19_0_0_hide_23_59_0' style='display: none;'>Lyc\u00e9e Fabert<\/div>[\/vc_column_text][\/vc_column][\/vc_row]\n<\/div>","protected":false},"excerpt":{"rendered":"<p>[vc_row row_type=\u00a0\u00bbfull_width\u00a0\u00bb type=\u00a0\u00bbfull_screen\u00a0\u00bb bg_select=\u00a0\u00bbbg_color_section\u00a0\u00bb bg_color=\u00a0\u00bb#dbdbdb\u00a0\u00bb p_top=\u00a0\u00bb20&Prime;][vc_column bg_image_postions=\u00a0\u00bbright center\u00a0\u00bb offset=\u00a0\u00bbvc_col-lg-offset-1 vc_col-lg-10 vc_col-md-offset-1 vc_col-md-10 vc_col-sm-offset-0&Prime; p_top=\u00a0\u00bb25&Prime;][vc_single_image image=\u00a0\u00bb5457&Prime; img_size=\u00a0\u00bbfull\u00a0\u00bb alignment=\u00a0\u00bbcenter\u00a0\u00bb css_animation=\u00a0\u00bbfadeInDown\u00a0\u00bb css=\u00a0\u00bb.vc_custom_1618169839855{padding-right: 3% !important;padding-left: 3% !important;}\u00a0\u00bb][\/vc_column][\/vc_row][vc_row row_type=\u00a0\u00bbfull_width\u00a0\u00bb type=\u00a0\u00bbfull_screen\u00a0\u00bb bg_select=\u00a0\u00bbbg_color_section\u00a0\u00bb fancy_row=\u00a0\u00bbdown_arrow\u00a0\u00bb bg_color=\u00a0\u00bb#dbdbdb\u00a0\u00bb p_bottom=\u00a0\u00bb40&Prime;][vc_column bg_image_postions=\u00a0\u00bbright center\u00a0\u00bb p_left=\u00a0\u00bb0&Prime; p_right=\u00a0\u00bb20&Prime; p_top=\u00a0\u00bb25&Prime;][vc_empty_space height=\u00a0\u00bb20px\u00a0\u00bb][\/vc_column][\/vc_row][vc_row row_type=\u00a0\u00bbfull_width\u00a0\u00bb type=\u00a0\u00bbcontainer\u00a0\u00bb bg_select=\u00a0\u00bbbg_color_section\u00a0\u00bb border_color=\u00a0\u00bb#ffffff\u00a0\u00bb p_top=\u00a0\u00bb100&Prime; p_bottom=\u00a0\u00bb50&Prime; anchor=\u00a0\u00bbabout\u00a0\u00bb][vc_column][vc_video link=\u00a0\u00bbhttps:\/\/www.youtube.com\/embed\/qft78nxasqg\u00a0\u00bb][vc_empty_space][vc_column_text] Les \u00e9tudiants de CPGE doivent s\u2019acquitter d\u2019une inscription \u00e0 l\u2019universit\u00e9 de Lorraine\u00a0: [&hellip;]<\/p>\n","protected":false},"author":1,"featured_media":5457,"parent":0,"menu_order":0,"comment_status":"closed","ping_status":"closed","template":"template-page-full.php","meta":{"footnotes":""},"class_list":["post-5454","page","type-page","status-publish","has-post-thumbnail","hentry"],"yoast_head":"<!-- This site is optimized with the Yoast SEO plugin v27.5 - https:\/\/yoast.com\/product\/yoast-seo-wordpress\/ -->\n<title>Co\u00fbt et h\u00e9bergement - Classes Pr\u00e9paratoires aux Grandes Ecoles - Lyc\u00e9e Fabert (Metz)<\/title>\n<meta name=\"description\" content=\"Co\u00fbt et h\u00e9bergement - Classes Pr\u00e9paratoires aux Grandes Ecoles - Lyc\u00e9e Fabert (Metz)\" \/>\n<meta name=\"robots\" content=\"index, follow, max-snippet:-1, max-image-preview:large, max-video-preview:-1\" \/>\n<link rel=\"canonical\" href=\"https:\/\/www.prepas-fabert.com\/cpge\/cout-et-hebergement\/\" \/>\n<meta property=\"og:locale\" content=\"fr_FR\" \/>\n<meta property=\"og:type\" content=\"article\" \/>\n<meta property=\"og:title\" content=\"Co\u00fbt et h\u00e9bergement - Classes Pr\u00e9paratoires aux Grandes Ecoles - Lyc\u00e9e Fabert (Metz)\" \/>\n<meta property=\"og:description\" content=\"Co\u00fbt et h\u00e9bergement - Classes Pr\u00e9paratoires aux Grandes Ecoles - Lyc\u00e9e Fabert (Metz)\" \/>\n<meta property=\"og:url\" content=\"https:\/\/www.prepas-fabert.com\/cpge\/cout-et-hebergement\/\" \/>\n<meta property=\"og:site_name\" content=\"Classes Pr\u00e9paratoires aux Grandes Ecoles - Lyc\u00e9e Fabert (Metz)\" \/>\n<meta property=\"article:publisher\" content=\"https:\/\/www.facebook.com\/cpgefabert\/\" \/>\n<meta property=\"article:modified_time\" content=\"2025-12-22T23:37:28+00:00\" \/>\n<meta property=\"og:image\" content=\"https:\/\/www.prepas-fabert.com\/cpge\/wp-content\/uploads\/2021\/04\/Cout-Hebergement2.png\" \/>\n\t<meta property=\"og:image:width\" content=\"1475\" \/>\n\t<meta property=\"og:image:height\" content=\"641\" \/>\n\t<meta property=\"og:image:type\" content=\"image\/png\" \/>\n<meta name=\"twitter:card\" content=\"summary_large_image\" \/>\n<meta name=\"twitter:site\" content=\"@CPGEFabert\" \/>\n<meta name=\"twitter:label1\" content=\"Dur\u00e9e de lecture estim\u00e9e\" \/>\n\t<meta name=\"twitter:data1\" content=\"2 minutes\" \/>\n<script type=\"application\/ld+json\" class=\"yoast-schema-graph\">{\"@context\":\"https:\\\/\\\/schema.org\",\"@graph\":[{\"@type\":\"WebPage\",\"@id\":\"https:\\\/\\\/www.prepas-fabert.com\\\/cpge\\\/cout-et-hebergement\\\/\",\"url\":\"https:\\\/\\\/www.prepas-fabert.com\\\/cpge\\\/cout-et-hebergement\\\/\",\"name\":\"Co\u00fbt et h\u00e9bergement - Classes Pr\u00e9paratoires aux Grandes Ecoles - Lyc\u00e9e Fabert (Metz)\",\"isPartOf\":{\"@id\":\"https:\\\/\\\/www.prepas-fabert.com\\\/cpge\\\/#website\"},\"primaryImageOfPage\":{\"@id\":\"https:\\\/\\\/www.prepas-fabert.com\\\/cpge\\\/cout-et-hebergement\\\/#primaryimage\"},\"image\":{\"@id\":\"https:\\\/\\\/www.prepas-fabert.com\\\/cpge\\\/cout-et-hebergement\\\/#primaryimage\"},\"thumbnailUrl\":\"https:\\\/\\\/www.prepas-fabert.com\\\/cpge\\\/wp-content\\\/uploads\\\/2021\\\/04\\\/Cout-Hebergement2.png\",\"datePublished\":\"2021-04-11T20:27:43+00:00\",\"dateModified\":\"2025-12-22T23:37:28+00:00\",\"description\":\"Co\u00fbt et h\u00e9bergement - Classes Pr\u00e9paratoires aux Grandes Ecoles - Lyc\u00e9e Fabert (Metz)\",\"breadcrumb\":{\"@id\":\"https:\\\/\\\/www.prepas-fabert.com\\\/cpge\\\/cout-et-hebergement\\\/#breadcrumb\"},\"inLanguage\":\"fr-FR\",\"potentialAction\":[{\"@type\":\"ReadAction\",\"target\":[\"https:\\\/\\\/www.prepas-fabert.com\\\/cpge\\\/cout-et-hebergement\\\/\"]}]},{\"@type\":\"ImageObject\",\"inLanguage\":\"fr-FR\",\"@id\":\"https:\\\/\\\/www.prepas-fabert.com\\\/cpge\\\/cout-et-hebergement\\\/#primaryimage\",\"url\":\"https:\\\/\\\/www.prepas-fabert.com\\\/cpge\\\/wp-content\\\/uploads\\\/2021\\\/04\\\/Cout-Hebergement2.png\",\"contentUrl\":\"https:\\\/\\\/www.prepas-fabert.com\\\/cpge\\\/wp-content\\\/uploads\\\/2021\\\/04\\\/Cout-Hebergement2.png\",\"width\":1475,\"height\":641},{\"@type\":\"BreadcrumbList\",\"@id\":\"https:\\\/\\\/www.prepas-fabert.com\\\/cpge\\\/cout-et-hebergement\\\/#breadcrumb\",\"itemListElement\":[{\"@type\":\"ListItem\",\"position\":1,\"name\":\"Accueil\",\"item\":\"https:\\\/\\\/www.prepas-fabert.com\\\/cpge\\\/\"},{\"@type\":\"ListItem\",\"position\":2,\"name\":\"Co\u00fbt et h\u00e9bergement\"}]},{\"@type\":\"WebSite\",\"@id\":\"https:\\\/\\\/www.prepas-fabert.com\\\/cpge\\\/#website\",\"url\":\"https:\\\/\\\/www.prepas-fabert.com\\\/cpge\\\/\",\"name\":\"Classes Pr\u00e9paratoires aux Grandes Ecoles - Lyc\u00e9e Fabert (Metz)\",\"description\":\"Classes pr\u00e9pas scientifiques et \u00e9conomiques en Lorraine\",\"publisher\":{\"@id\":\"https:\\\/\\\/www.prepas-fabert.com\\\/cpge\\\/#organization\"},\"potentialAction\":[{\"@type\":\"SearchAction\",\"target\":{\"@type\":\"EntryPoint\",\"urlTemplate\":\"https:\\\/\\\/www.prepas-fabert.com\\\/cpge\\\/?s={search_term_string}\"},\"query-input\":{\"@type\":\"PropertyValueSpecification\",\"valueRequired\":true,\"valueName\":\"search_term_string\"}}],\"inLanguage\":\"fr-FR\"},{\"@type\":\"Organization\",\"@id\":\"https:\\\/\\\/www.prepas-fabert.com\\\/cpge\\\/#organization\",\"name\":\"CPGE du lyc\u00e9e Fabert (METZ)\",\"url\":\"https:\\\/\\\/www.prepas-fabert.com\\\/cpge\\\/\",\"logo\":{\"@type\":\"ImageObject\",\"inLanguage\":\"fr-FR\",\"@id\":\"https:\\\/\\\/www.prepas-fabert.com\\\/cpge\\\/#\\\/schema\\\/logo\\\/image\\\/\",\"url\":\"https:\\\/\\\/www.prepas-fabert.com\\\/cpge\\\/wp-content\\\/uploads\\\/2023\\\/03\\\/CPGEFABERT-2.png\",\"contentUrl\":\"https:\\\/\\\/www.prepas-fabert.com\\\/cpge\\\/wp-content\\\/uploads\\\/2023\\\/03\\\/CPGEFABERT-2.png\",\"width\":750,\"height\":750,\"caption\":\"CPGE du lyc\u00e9e Fabert (METZ)\"},\"image\":{\"@id\":\"https:\\\/\\\/www.prepas-fabert.com\\\/cpge\\\/#\\\/schema\\\/logo\\\/image\\\/\"},\"sameAs\":[\"https:\\\/\\\/www.facebook.com\\\/cpgefabert\\\/\",\"https:\\\/\\\/x.com\\\/CPGEFabert\",\"https:\\\/\\\/www.linkedin.com\\\/company\\\/lyc\u00e9e-fabert-metz-57\\\/mycompany\\\/\",\"https:\\\/\\\/www.youtube.com\\\/user\\\/CPGEfabert\\\/\",\"https:\\\/\\\/www.instagram.com\\\/cpgefabert\\\/\"]}]}<\/script>\n<!-- \/ Yoast SEO plugin. -->","yoast_head_json":{"title":"Co\u00fbt et h\u00e9bergement - Classes Pr\u00e9paratoires aux Grandes Ecoles - Lyc\u00e9e Fabert (Metz)","description":"Co\u00fbt et h\u00e9bergement - Classes Pr\u00e9paratoires aux Grandes Ecoles - Lyc\u00e9e Fabert (Metz)","robots":{"index":"index","follow":"follow","max-snippet":"max-snippet:-1","max-image-preview":"max-image-preview:large","max-video-preview":"max-video-preview:-1"},"canonical":"https:\/\/www.prepas-fabert.com\/cpge\/cout-et-hebergement\/","og_locale":"fr_FR","og_type":"article","og_title":"Co\u00fbt et h\u00e9bergement - Classes Pr\u00e9paratoires aux Grandes Ecoles - Lyc\u00e9e Fabert (Metz)","og_description":"Co\u00fbt et h\u00e9bergement - Classes Pr\u00e9paratoires aux Grandes Ecoles - Lyc\u00e9e Fabert (Metz)","og_url":"https:\/\/www.prepas-fabert.com\/cpge\/cout-et-hebergement\/","og_site_name":"Classes Pr\u00e9paratoires aux Grandes Ecoles - Lyc\u00e9e Fabert (Metz)","article_publisher":"https:\/\/www.facebook.com\/cpgefabert\/","article_modified_time":"2025-12-22T23:37:28+00:00","og_image":[{"width":1475,"height":641,"url":"https:\/\/www.prepas-fabert.com\/cpge\/wp-content\/uploads\/2021\/04\/Cout-Hebergement2.png","type":"image\/png"}],"twitter_card":"summary_large_image","twitter_site":"@CPGEFabert","twitter_misc":{"Dur\u00e9e de lecture estim\u00e9e":"2 minutes"},"schema":{"@context":"https:\/\/schema.org","@graph":[{"@type":"WebPage","@id":"https:\/\/www.prepas-fabert.com\/cpge\/cout-et-hebergement\/","url":"https:\/\/www.prepas-fabert.com\/cpge\/cout-et-hebergement\/","name":"Co\u00fbt et h\u00e9bergement - Classes Pr\u00e9paratoires aux Grandes Ecoles - Lyc\u00e9e Fabert (Metz)","isPartOf":{"@id":"https:\/\/www.prepas-fabert.com\/cpge\/#website"},"primaryImageOfPage":{"@id":"https:\/\/www.prepas-fabert.com\/cpge\/cout-et-hebergement\/#primaryimage"},"image":{"@id":"https:\/\/www.prepas-fabert.com\/cpge\/cout-et-hebergement\/#primaryimage"},"thumbnailUrl":"https:\/\/www.prepas-fabert.com\/cpge\/wp-content\/uploads\/2021\/04\/Cout-Hebergement2.png","datePublished":"2021-04-11T20:27:43+00:00","dateModified":"2025-12-22T23:37:28+00:00","description":"Co\u00fbt et h\u00e9bergement - Classes Pr\u00e9paratoires aux Grandes Ecoles - Lyc\u00e9e Fabert (Metz)","breadcrumb":{"@id":"https:\/\/www.prepas-fabert.com\/cpge\/cout-et-hebergement\/#breadcrumb"},"inLanguage":"fr-FR","potentialAction":[{"@type":"ReadAction","target":["https:\/\/www.prepas-fabert.com\/cpge\/cout-et-hebergement\/"]}]},{"@type":"ImageObject","inLanguage":"fr-FR","@id":"https:\/\/www.prepas-fabert.com\/cpge\/cout-et-hebergement\/#primaryimage","url":"https:\/\/www.prepas-fabert.com\/cpge\/wp-content\/uploads\/2021\/04\/Cout-Hebergement2.png","contentUrl":"https:\/\/www.prepas-fabert.com\/cpge\/wp-content\/uploads\/2021\/04\/Cout-Hebergement2.png","width":1475,"height":641},{"@type":"BreadcrumbList","@id":"https:\/\/www.prepas-fabert.com\/cpge\/cout-et-hebergement\/#breadcrumb","itemListElement":[{"@type":"ListItem","position":1,"name":"Accueil","item":"https:\/\/www.prepas-fabert.com\/cpge\/"},{"@type":"ListItem","position":2,"name":"Co\u00fbt et h\u00e9bergement"}]},{"@type":"WebSite","@id":"https:\/\/www.prepas-fabert.com\/cpge\/#website","url":"https:\/\/www.prepas-fabert.com\/cpge\/","name":"Classes Pr\u00e9paratoires aux Grandes Ecoles - Lyc\u00e9e Fabert (Metz)","description":"Classes pr\u00e9pas scientifiques et \u00e9conomiques en Lorraine","publisher":{"@id":"https:\/\/www.prepas-fabert.com\/cpge\/#organization"},"potentialAction":[{"@type":"SearchAction","target":{"@type":"EntryPoint","urlTemplate":"https:\/\/www.prepas-fabert.com\/cpge\/?s={search_term_string}"},"query-input":{"@type":"PropertyValueSpecification","valueRequired":true,"valueName":"search_term_string"}}],"inLanguage":"fr-FR"},{"@type":"Organization","@id":"https:\/\/www.prepas-fabert.com\/cpge\/#organization","name":"CPGE du lyc\u00e9e Fabert (METZ)","url":"https:\/\/www.prepas-fabert.com\/cpge\/","logo":{"@type":"ImageObject","inLanguage":"fr-FR","@id":"https:\/\/www.prepas-fabert.com\/cpge\/#\/schema\/logo\/image\/","url":"https:\/\/www.prepas-fabert.com\/cpge\/wp-content\/uploads\/2023\/03\/CPGEFABERT-2.png","contentUrl":"https:\/\/www.prepas-fabert.com\/cpge\/wp-content\/uploads\/2023\/03\/CPGEFABERT-2.png","width":750,"height":750,"caption":"CPGE du lyc\u00e9e Fabert (METZ)"},"image":{"@id":"https:\/\/www.prepas-fabert.com\/cpge\/#\/schema\/logo\/image\/"},"sameAs":["https:\/\/www.facebook.com\/cpgefabert\/","https:\/\/x.com\/CPGEFabert","https:\/\/www.linkedin.com\/company\/lyc\u00e9e-fabert-metz-57\/mycompany\/","https:\/\/www.youtube.com\/user\/CPGEfabert\/","https:\/\/www.instagram.com\/cpgefabert\/"]}]}},"_links":{"self":[{"href":"https:\/\/www.prepas-fabert.com\/cpge\/wp-json\/wp\/v2\/pages\/5454","targetHints":{"allow":["GET"]}}],"collection":[{"href":"https:\/\/www.prepas-fabert.com\/cpge\/wp-json\/wp\/v2\/pages"}],"about":[{"href":"https:\/\/www.prepas-fabert.com\/cpge\/wp-json\/wp\/v2\/types\/page"}],"author":[{"embeddable":true,"href":"https:\/\/www.prepas-fabert.com\/cpge\/wp-json\/wp\/v2\/users\/1"}],"replies":[{"embeddable":true,"href":"https:\/\/www.prepas-fabert.com\/cpge\/wp-json\/wp\/v2\/comments?post=5454"}],"version-history":[{"count":9,"href":"https:\/\/www.prepas-fabert.com\/cpge\/wp-json\/wp\/v2\/pages\/5454\/revisions"}],"predecessor-version":[{"id":8291,"href":"https:\/\/www.prepas-fabert.com\/cpge\/wp-json\/wp\/v2\/pages\/5454\/revisions\/8291"}],"wp:featuredmedia":[{"embeddable":true,"href":"https:\/\/www.prepas-fabert.com\/cpge\/wp-json\/wp\/v2\/media\/5457"}],"wp:attachment":[{"href":"https:\/\/www.prepas-fabert.com\/cpge\/wp-json\/wp\/v2\/media?parent=5454"}],"curies":[{"name":"wp","href":"https:\/\/api.w.org\/{rel}","templated":true}]}}