{"id":7855,"date":"2024-05-19T10:38:31","date_gmt":"2024-05-19T08:38:31","guid":{"rendered":"https:\/\/www.prepas-fabert.com\/cpge\/?page_id=7855"},"modified":"2024-05-19T10:46:09","modified_gmt":"2024-05-19T08:46:09","slug":"liens-parcoursup","status":"publish","type":"page","link":"https:\/\/www.prepas-fabert.com\/cpge\/liens-parcoursup\/","title":{"rendered":"Liens Parcoursup"},"content":{"rendered":"<div class=\"wpb-content-wrapper\">[vc_row row_type=\u00a0\u00bbfull_width\u00a0\u00bb type=\u00a0\u00bbcontainer\u00a0\u00bb bg_select=\u00a0\u00bbbg_color_section\u00a0\u00bb p_top=\u00a0\u00bb30&Prime; border_color=\u00a0\u00bb#ebebeb\u00a0\u00bb bg_color=\u00a0\u00bb#ffffff\u00a0\u00bb anchor=\u00a0\u00bbabout\u00a0\u00bb p_bottom=\u00a0\u00bb55&Prime; m_top=\u00a0\u00bb0&Prime;][vc_column][vc_single_image image=\u00a0\u00bb7863&Prime; img_size=\u00a0\u00bbfull\u00a0\u00bb alignment=\u00a0\u00bbcenter\u00a0\u00bb]<hr class=\"wbc-hr\" style=\"background-color:#e20006;width:120px;height:5px;margin-bottom:32px;margin-left:AUTOpx;margin-right:AUTOpx;\" \/><div class=\"wbc-heading clearfix\"><div class=\"default-heading xs-responsive-text-15\" style=\"font-size:18px;line-height:1.53486em;text-align:center;margin-bottom:55px;margin-right:auto;margin-left:auto;max-width:800px;\">La classe pr\u00e9pa est une formation dispens\u00e9e en deux ans qui permet de passer les concours de Grandes \u00c9coles, ce qui garantit \u00e0 chaque \u00e9tudiant de trouver une formation qui correspond \u00e0 son niveau. Elle donne aussi un bagage pluridisciplinaire qui forme une base solide, reconnue par tous les recruteurs, et utile pour les futurs choix professionnels.<\/div><\/div>[\/vc_column][vc_column width=\u00a0\u00bb1\/3&Prime; content_align=\u00a0\u00bbtext-center\u00a0\u00bb][vc_single_image image=\u00a0\u00bb7869&Prime; img_size=\u00a0\u00bbfull\u00a0\u00bb alignment=\u00a0\u00bbcenter\u00a0\u00bb onclick=\u00a0\u00bbcustom_link\u00a0\u00bb img_link_target=\u00a0\u00bb_blank\u00a0\u00bb css_animation=\u00a0\u00bbnone\u00a0\u00bb display_prop=\u00a0\u00bbinline\u00a0\u00bb link=\u00a0\u00bbhttps:\/\/dossier.parcoursup.fr\/Candidats\/public\/fiches\/afficherFicheFormation?g_ta_cod=31331&amp;typeBac=0&Prime; el_class=\u00a0\u00bblogoparcours\u00a0\u00bb css=\u00a0\u00bb.vc_custom_1716104680962{margin-bottom: 10px !important;}\u00a0\u00bb]<div class=\"wbc-heading clearfix\"><h4 class=\"default-heading\" style=\"margin-bottom:15px;\">1 CLASSE<\/h4><\/div>[vc_column_text]\n<div class=\"wpb_text_column wpb_content_element \">\n<div class=\"wpb_wrapper\">\n<p>La FILIERE ECG\u00a0 est la voie qui pr\u00e9pare aux concours d\u2019entr\u00e9e des grandes \u00e9coles de commerce et de management, on les appelle aussi business schools. Entrer dans une grande \u00e9cole de commerce et de management c\u2019est s\u2019assurer un d\u00e9bouch\u00e9 professionnel \u00e0 la fin de ses \u00e9tudes.<\/p>\n<p>Ces \u00e9coles pr\u00e9parent \u00e0 la direction des entreprises, \u00e0 la cr\u00e9ation de start up, \u00e0 la finance, au conseil, \u00e0 l\u2019encadrement des ONG qui travaillent dans le d\u00e9veloppement durable, dans l\u2019\u00e9v\u00e9nementiel ou l\u2019humanitaire. Elles font bien plus que du commerce ou de la gestion\u00a0!<\/p>\n<p><a href=\"https:\/\/dossier.parcoursup.fr\/Candidats\/public\/fiches\/afficherFicheFormation?g_ta_cod=31331&amp;typeBac=0\" target=\"_blank\" rel=\"noopener\">&#8211; PLUS D&rsquo;INFO &#8211;<\/a><\/p>\n<\/div>\n<\/div>\n[\/vc_column_text][\/vc_column][vc_column width=\u00a0\u00bb1\/3&Prime; content_align=\u00a0\u00bbtext-center\u00a0\u00bb][vc_single_image image=\u00a0\u00bb7892&Prime; img_size=\u00a0\u00bbfull\u00a0\u00bb alignment=\u00a0\u00bbcenter\u00a0\u00bb onclick=\u00a0\u00bbcustom_link\u00a0\u00bb img_link_target=\u00a0\u00bb_blank\u00a0\u00bb css_animation=\u00a0\u00bbnone\u00a0\u00bb display_prop=\u00a0\u00bbinline\u00a0\u00bb link=\u00a0\u00bbhttps:\/\/dossier.parcoursup.fr\/Candidats\/public\/fiches\/afficherFicheFormation?g_ta_cod=6525&amp;typeBac=0&Prime; el_class=\u00a0\u00bblogoparcours\u00a0\u00bb css=\u00a0\u00bb.vc_custom_1716108156563{margin-bottom: 10px !important;}\u00a0\u00bb]<div class=\"wbc-heading clearfix logoetat\"><h4 class=\"default-heading\" style=\"margin-bottom:15px;\">2 CLASSES<\/h4><\/div>[vc_column_text]La MPSI saura s\u00e9duire les \u00e9tudiants d\u00e9sireux d\u2019approfondir les aspects fondamentaux des sciences en mettant moins l\u2019accent sur les aspects pratiques ou appliqu\u00e9s. C\u2019est la classe qui pr\u00e9sente le volume horaire de math\u00e9matiques le plus important (12h). L&rsquo;enseignement de math\u00e9matiques est compl\u00e9t\u00e9 d&rsquo;un socle de connaissances solide en physique-chimie, dans les sciences de l&rsquo;ing\u00e9nieur et l&rsquo;informatique.<\/p>\n<p><a href=\"https:\/\/dossier.parcoursup.fr\/Candidats\/public\/fiches\/afficherFicheFormation?g_ta_cod=6525&amp;typeBac=0\" target=\"_blank\" rel=\"noopener\">&#8211; PLUS D&rsquo;INFO &#8211;<\/a>[\/vc_column_text][\/vc_column][vc_column width=\u00a0\u00bb1\/3&Prime; content_align=\u00a0\u00bbtext-center\u00a0\u00bb][vc_single_image image=\u00a0\u00bb7893&Prime; img_size=\u00a0\u00bbfull\u00a0\u00bb alignment=\u00a0\u00bbcenter\u00a0\u00bb onclick=\u00a0\u00bbcustom_link\u00a0\u00bb img_link_target=\u00a0\u00bb_blank\u00a0\u00bb css_animation=\u00a0\u00bbnone\u00a0\u00bb display_prop=\u00a0\u00bbinline\u00a0\u00bb link=\u00a0\u00bbhttps:\/\/dossier.parcoursup.fr\/Candidats\/public\/fiches\/afficherFicheFormation?g_ta_cod=6526&amp;typeBac=0&Prime; el_class=\u00a0\u00bblogoparcours\u00a0\u00bb css=\u00a0\u00bb.vc_custom_1716108129005{margin-bottom: 10px !important;}\u00a0\u00bb]<div class=\"wbc-heading clearfix\"><h4 class=\"default-heading\" style=\"margin-bottom:15px;\">2 CLASSES<\/h4><\/div>[vc_column_text]\n<div>La PCSI s\u2019adresse \u00e0 des \u00e9tudiants motiv\u00e9s par une approche des sciences fondamentales fond\u00e9es \u00e0 la fois sur la mod\u00e9lisation et sur l\u2019exp\u00e9rimentation. L\u2019objectif est de donner \u00e0 de futurs ing\u00e9nieurs, enseignants ou chercheurs une formation scientifique solide bas\u00e9e sur une approche multidisciplinaire \u00e9quilibr\u00e9e : math\u00e9matiques (10h) \u2013 physique \u2013 chimie \u2013 sciences de l&rsquo;ing\u00e9nieur \u2013 informatique.<b><br \/>\n<\/b><\/div>\n<p><a href=\"https:\/\/dossier.parcoursup.fr\/Candidats\/public\/fiches\/afficherFicheFormation?g_ta_cod=6526&amp;typeBac=0\" target=\"_blank\" rel=\"noopener\">&#8211; PLUS D&rsquo;INFO &#8211;<\/a>[\/vc_column_text][\/vc_column][\/vc_row][vc_row][vc_column][vc_gmaps link=\u00a0\u00bb#E-8_JTNDaWZyYW1lJTIwc3JjJTNEJTIyaHR0cHMlM0ElMkYlMkZ3d3cuZ29vZ2xlLmNvbSUyRm1hcHMlMkZlbWJlZCUzRnBiJTNEJTIxMW0xOCUyMTFtMTIlMjExbTMlMjExZDI1OTAuNzAyMDEyMjk5NjY5JTIxMmQ2LjE2OTIzMjMxMjAxOTcxOSUyMTNkNDkuMTIyNzEyMzcxMjQ5NzklMjEybTMlMjExZjAlMjEyZjAlMjEzZjAlMjEzbTIlMjExaTEwMjQlMjEyaTc2OCUyMTRmMTMuMSUyMTNtMyUyMTFtMiUyMTFzMHg0Nzk0ZGVhOTEzZDQyNjExJTI1M0EweDMyNzc2OTk1YzFkMzA5ZDIlMjEyc0x5YyUyNUMzJTI1QTllJTI1MjBGYWJlcnQlMjE1ZTElMjEzbTIlMjExc2ZyJTIxMnNmciUyMTR2MTcxNjEwNDUzMzIwOSUyMTVtMiUyMTFzZnIlMjEyc2ZyJTIyJTIwd2lkdGglM0QlMjI4MDAlMjIlMjBoZWlnaHQlM0QlMjI2MDAlMjIlMjBzdHlsZSUzRCUyMmJvcmRlciUzQTAlM0IlMjIlMjBhbGxvd2Z1bGxzY3JlZW4lM0QlMjIlMjIlMjBsb2FkaW5nJTNEJTIybGF6eSUyMiUyMHJlZmVycmVycG9saWN5JTNEJTIybm8tcmVmZXJyZXItd2hlbi1kb3duZ3JhZGUlMjIlM0UlM0MlMkZpZnJhbWUlM0U=\u00a0\u00bb][vc_empty_space][\/vc_column][\/vc_row]\n<\/div>","protected":false},"excerpt":{"rendered":"<p>[vc_row row_type=\u00a0\u00bbfull_width\u00a0\u00bb type=\u00a0\u00bbcontainer\u00a0\u00bb bg_select=\u00a0\u00bbbg_color_section\u00a0\u00bb p_top=\u00a0\u00bb30&Prime; border_color=\u00a0\u00bb#ebebeb\u00a0\u00bb bg_color=\u00a0\u00bb#ffffff\u00a0\u00bb anchor=\u00a0\u00bbabout\u00a0\u00bb p_bottom=\u00a0\u00bb55&Prime; m_top=\u00a0\u00bb0&Prime;][vc_column][vc_single_image image=\u00a0\u00bb7863&Prime; img_size=\u00a0\u00bbfull\u00a0\u00bb alignment=\u00a0\u00bbcenter\u00a0\u00bb][\/vc_column][vc_column width=\u00a0\u00bb1\/3&Prime; content_align=\u00a0\u00bbtext-center\u00a0\u00bb][vc_single_image image=\u00a0\u00bb7869&Prime; img_size=\u00a0\u00bbfull\u00a0\u00bb alignment=\u00a0\u00bbcenter\u00a0\u00bb onclick=\u00a0\u00bbcustom_link\u00a0\u00bb img_link_target=\u00a0\u00bb_blank\u00a0\u00bb css_animation=\u00a0\u00bbnone\u00a0\u00bb display_prop=\u00a0\u00bbinline\u00a0\u00bb link=\u00a0\u00bbhttps:\/\/dossier.parcoursup.fr\/Candidats\/public\/fiches\/afficherFicheFormation?g_ta_cod=31331&amp;typeBac=0&Prime; el_class=\u00a0\u00bblogoparcours\u00a0\u00bb css=\u00a0\u00bb.vc_custom_1716104680962{margin-bottom: 10px !important;}\u00a0\u00bb][vc_column_text] La FILIERE ECG\u00a0 est la voie qui pr\u00e9pare aux concours d\u2019entr\u00e9e des grandes \u00e9coles de commerce et de management, on les appelle aussi business schools. Entrer dans une [&hellip;]<\/p>\n","protected":false},"author":1,"featured_media":0,"parent":0,"menu_order":0,"comment_status":"closed","ping_status":"closed","template":"","meta":{"footnotes":""},"class_list":["post-7855","page","type-page","status-publish","hentry"],"yoast_head":"<!-- This site is optimized with the Yoast SEO plugin v27.0 - https:\/\/yoast.com\/product\/yoast-seo-wordpress\/ -->\n<title>Liens Parcoursup - Classes Pr\u00e9paratoires aux Grandes Ecoles - Lyc\u00e9e Fabert (Metz)<\/title>\n<meta name=\"description\" content=\"Liens Parcoursup - Classes Pr\u00e9paratoires aux Grandes Ecoles - Lyc\u00e9e Fabert (Metz)\" \/>\n<meta name=\"robots\" content=\"index, follow, max-snippet:-1, max-image-preview:large, max-video-preview:-1\" \/>\n<link rel=\"canonical\" href=\"https:\/\/www.prepas-fabert.com\/cpge\/liens-parcoursup\/\" \/>\n<meta property=\"og:locale\" content=\"fr_FR\" \/>\n<meta property=\"og:type\" content=\"article\" \/>\n<meta property=\"og:title\" content=\"Liens Parcoursup - Classes Pr\u00e9paratoires aux Grandes Ecoles - Lyc\u00e9e Fabert (Metz)\" \/>\n<meta property=\"og:description\" content=\"Liens Parcoursup - Classes Pr\u00e9paratoires aux Grandes Ecoles - Lyc\u00e9e Fabert (Metz)\" \/>\n<meta property=\"og:url\" content=\"https:\/\/www.prepas-fabert.com\/cpge\/liens-parcoursup\/\" \/>\n<meta property=\"og:site_name\" content=\"Classes Pr\u00e9paratoires aux Grandes Ecoles - Lyc\u00e9e Fabert (Metz)\" \/>\n<meta property=\"article:modified_time\" content=\"2024-05-19T08:46:09+00:00\" \/>\n<meta property=\"og:image\" content=\"https:\/\/www.prepas-fabert.com\/cpge\/wp-content\/uploads\/2021\/06\/facade-sdf.jpg\" \/>\n\t<meta property=\"og:image:width\" content=\"1140\" \/>\n\t<meta property=\"og:image:height\" content=\"855\" \/>\n\t<meta property=\"og:image:type\" content=\"image\/jpeg\" \/>\n<meta name=\"twitter:card\" content=\"summary_large_image\" \/>\n<meta name=\"twitter:site\" content=\"@CPGEFabert\" \/>\n<meta name=\"twitter:label1\" content=\"Dur\u00e9e de lecture estim\u00e9e\" \/>\n\t<meta name=\"twitter:data1\" content=\"3 minutes\" \/>\n<script type=\"application\/ld+json\" class=\"yoast-schema-graph\">{\"@context\":\"https:\/\/schema.org\",\"@graph\":[{\"@type\":\"WebPage\",\"@id\":\"https:\/\/www.prepas-fabert.com\/cpge\/liens-parcoursup\/\",\"url\":\"https:\/\/www.prepas-fabert.com\/cpge\/liens-parcoursup\/\",\"name\":\"Liens Parcoursup - Classes Pr\u00e9paratoires aux Grandes Ecoles - Lyc\u00e9e Fabert (Metz)\",\"isPartOf\":{\"@id\":\"https:\/\/www.prepas-fabert.com\/cpge\/#website\"},\"datePublished\":\"2024-05-19T08:38:31+00:00\",\"dateModified\":\"2024-05-19T08:46:09+00:00\",\"description\":\"Liens Parcoursup - Classes Pr\u00e9paratoires aux Grandes Ecoles - Lyc\u00e9e Fabert (Metz)\",\"breadcrumb\":{\"@id\":\"https:\/\/www.prepas-fabert.com\/cpge\/liens-parcoursup\/#breadcrumb\"},\"inLanguage\":\"fr-FR\",\"potentialAction\":[{\"@type\":\"ReadAction\",\"target\":[\"https:\/\/www.prepas-fabert.com\/cpge\/liens-parcoursup\/\"]}]},{\"@type\":\"BreadcrumbList\",\"@id\":\"https:\/\/www.prepas-fabert.com\/cpge\/liens-parcoursup\/#breadcrumb\",\"itemListElement\":[{\"@type\":\"ListItem\",\"position\":1,\"name\":\"Accueil\",\"item\":\"https:\/\/www.prepas-fabert.com\/cpge\/\"},{\"@type\":\"ListItem\",\"position\":2,\"name\":\"Liens Parcoursup\"}]},{\"@type\":\"WebSite\",\"@id\":\"https:\/\/www.prepas-fabert.com\/cpge\/#website\",\"url\":\"https:\/\/www.prepas-fabert.com\/cpge\/\",\"name\":\"Classes Pr\u00e9paratoires aux Grandes Ecoles - Lyc\u00e9e Fabert (Metz)\",\"description\":\"Classes pr\u00e9pas scientifiques et \u00e9conomiques en Lorraine\",\"publisher\":{\"@id\":\"https:\/\/www.prepas-fabert.com\/cpge\/#organization\"},\"potentialAction\":[{\"@type\":\"SearchAction\",\"target\":{\"@type\":\"EntryPoint\",\"urlTemplate\":\"https:\/\/www.prepas-fabert.com\/cpge\/?s={search_term_string}\"},\"query-input\":{\"@type\":\"PropertyValueSpecification\",\"valueRequired\":true,\"valueName\":\"search_term_string\"}}],\"inLanguage\":\"fr-FR\"},{\"@type\":\"Organization\",\"@id\":\"https:\/\/www.prepas-fabert.com\/cpge\/#organization\",\"name\":\"CPGE du lyc\u00e9e Fabert (METZ)\",\"url\":\"https:\/\/www.prepas-fabert.com\/cpge\/\",\"logo\":{\"@type\":\"ImageObject\",\"inLanguage\":\"fr-FR\",\"@id\":\"https:\/\/www.prepas-fabert.com\/cpge\/#\/schema\/logo\/image\/\",\"url\":\"https:\/\/www.prepas-fabert.com\/cpge\/wp-content\/uploads\/2021\/02\/Logo-CPGE.png\",\"contentUrl\":\"https:\/\/www.prepas-fabert.com\/cpge\/wp-content\/uploads\/2021\/02\/Logo-CPGE.png\",\"width\":789,\"height\":789,\"caption\":\"CPGE du lyc\u00e9e Fabert (METZ)\"},\"image\":{\"@id\":\"https:\/\/www.prepas-fabert.com\/cpge\/#\/schema\/logo\/image\/\"},\"sameAs\":[\"https:\/\/x.com\/CPGEFabert\",\"https:\/\/www.linkedin.com\/company\/lyc\u00e9e-fabert-metz-57\/mycompany\/\",\"https:\/\/www.youtube.com\/user\/CPGEfabert\/\"]}]}<\/script>\n<!-- \/ Yoast SEO plugin. -->","yoast_head_json":{"title":"Liens Parcoursup - Classes Pr\u00e9paratoires aux Grandes Ecoles - Lyc\u00e9e Fabert (Metz)","description":"Liens Parcoursup - Classes Pr\u00e9paratoires aux Grandes Ecoles - Lyc\u00e9e Fabert (Metz)","robots":{"index":"index","follow":"follow","max-snippet":"max-snippet:-1","max-image-preview":"max-image-preview:large","max-video-preview":"max-video-preview:-1"},"canonical":"https:\/\/www.prepas-fabert.com\/cpge\/liens-parcoursup\/","og_locale":"fr_FR","og_type":"article","og_title":"Liens Parcoursup - Classes Pr\u00e9paratoires aux Grandes Ecoles - Lyc\u00e9e Fabert (Metz)","og_description":"Liens Parcoursup - Classes Pr\u00e9paratoires aux Grandes Ecoles - Lyc\u00e9e Fabert (Metz)","og_url":"https:\/\/www.prepas-fabert.com\/cpge\/liens-parcoursup\/","og_site_name":"Classes Pr\u00e9paratoires aux Grandes Ecoles - Lyc\u00e9e Fabert (Metz)","article_modified_time":"2024-05-19T08:46:09+00:00","og_image":[{"width":1140,"height":855,"url":"https:\/\/www.prepas-fabert.com\/cpge\/wp-content\/uploads\/2021\/06\/facade-sdf.jpg","type":"image\/jpeg"}],"twitter_card":"summary_large_image","twitter_site":"@CPGEFabert","twitter_misc":{"Dur\u00e9e de lecture estim\u00e9e":"3 minutes"},"schema":{"@context":"https:\/\/schema.org","@graph":[{"@type":"WebPage","@id":"https:\/\/www.prepas-fabert.com\/cpge\/liens-parcoursup\/","url":"https:\/\/www.prepas-fabert.com\/cpge\/liens-parcoursup\/","name":"Liens Parcoursup - Classes Pr\u00e9paratoires aux Grandes Ecoles - Lyc\u00e9e Fabert (Metz)","isPartOf":{"@id":"https:\/\/www.prepas-fabert.com\/cpge\/#website"},"datePublished":"2024-05-19T08:38:31+00:00","dateModified":"2024-05-19T08:46:09+00:00","description":"Liens Parcoursup - Classes Pr\u00e9paratoires aux Grandes Ecoles - Lyc\u00e9e Fabert (Metz)","breadcrumb":{"@id":"https:\/\/www.prepas-fabert.com\/cpge\/liens-parcoursup\/#breadcrumb"},"inLanguage":"fr-FR","potentialAction":[{"@type":"ReadAction","target":["https:\/\/www.prepas-fabert.com\/cpge\/liens-parcoursup\/"]}]},{"@type":"BreadcrumbList","@id":"https:\/\/www.prepas-fabert.com\/cpge\/liens-parcoursup\/#breadcrumb","itemListElement":[{"@type":"ListItem","position":1,"name":"Accueil","item":"https:\/\/www.prepas-fabert.com\/cpge\/"},{"@type":"ListItem","position":2,"name":"Liens Parcoursup"}]},{"@type":"WebSite","@id":"https:\/\/www.prepas-fabert.com\/cpge\/#website","url":"https:\/\/www.prepas-fabert.com\/cpge\/","name":"Classes Pr\u00e9paratoires aux Grandes Ecoles - Lyc\u00e9e Fabert (Metz)","description":"Classes pr\u00e9pas scientifiques et \u00e9conomiques en Lorraine","publisher":{"@id":"https:\/\/www.prepas-fabert.com\/cpge\/#organization"},"potentialAction":[{"@type":"SearchAction","target":{"@type":"EntryPoint","urlTemplate":"https:\/\/www.prepas-fabert.com\/cpge\/?s={search_term_string}"},"query-input":{"@type":"PropertyValueSpecification","valueRequired":true,"valueName":"search_term_string"}}],"inLanguage":"fr-FR"},{"@type":"Organization","@id":"https:\/\/www.prepas-fabert.com\/cpge\/#organization","name":"CPGE du lyc\u00e9e Fabert (METZ)","url":"https:\/\/www.prepas-fabert.com\/cpge\/","logo":{"@type":"ImageObject","inLanguage":"fr-FR","@id":"https:\/\/www.prepas-fabert.com\/cpge\/#\/schema\/logo\/image\/","url":"https:\/\/www.prepas-fabert.com\/cpge\/wp-content\/uploads\/2021\/02\/Logo-CPGE.png","contentUrl":"https:\/\/www.prepas-fabert.com\/cpge\/wp-content\/uploads\/2021\/02\/Logo-CPGE.png","width":789,"height":789,"caption":"CPGE du lyc\u00e9e Fabert (METZ)"},"image":{"@id":"https:\/\/www.prepas-fabert.com\/cpge\/#\/schema\/logo\/image\/"},"sameAs":["https:\/\/x.com\/CPGEFabert","https:\/\/www.linkedin.com\/company\/lyc\u00e9e-fabert-metz-57\/mycompany\/","https:\/\/www.youtube.com\/user\/CPGEfabert\/"]}]}},"_links":{"self":[{"href":"https:\/\/www.prepas-fabert.com\/cpge\/wp-json\/wp\/v2\/pages\/7855","targetHints":{"allow":["GET"]}}],"collection":[{"href":"https:\/\/www.prepas-fabert.com\/cpge\/wp-json\/wp\/v2\/pages"}],"about":[{"href":"https:\/\/www.prepas-fabert.com\/cpge\/wp-json\/wp\/v2\/types\/page"}],"author":[{"embeddable":true,"href":"https:\/\/www.prepas-fabert.com\/cpge\/wp-json\/wp\/v2\/users\/1"}],"replies":[{"embeddable":true,"href":"https:\/\/www.prepas-fabert.com\/cpge\/wp-json\/wp\/v2\/comments?post=7855"}],"version-history":[{"count":2,"href":"https:\/\/www.prepas-fabert.com\/cpge\/wp-json\/wp\/v2\/pages\/7855\/revisions"}],"predecessor-version":[{"id":7913,"href":"https:\/\/www.prepas-fabert.com\/cpge\/wp-json\/wp\/v2\/pages\/7855\/revisions\/7913"}],"wp:attachment":[{"href":"https:\/\/www.prepas-fabert.com\/cpge\/wp-json\/wp\/v2\/media?parent=7855"}],"curies":[{"name":"wp","href":"https:\/\/api.w.org\/{rel}","templated":true}]}}